{"id":27,"date":"2017-05-24T14:15:39","date_gmt":"2017-05-24T17:15:39","guid":{"rendered":"http:\/\/gecon.inf.br\/wp\/?page_id=27"},"modified":"2017-10-04T16:46:31","modified_gmt":"2017-10-04T19:46:31","slug":"software","status":"publish","type":"page","link":"http:\/\/gecon.inf.br\/wp\/software\/","title":{"rendered":"SOFTWARE"},"content":{"rendered":"<p><img decoding=\"async\" src=\"http:\/\/gecon.inf.br\/wp\/wp-content\/uploads\/2017\/05\/software.jpg\" alt=\"software\" \/><\/p>\n<h2>Sigfac<\/h2>\n<p>O SIGFAC (Sistema Gerencial Financeiro Administrativo Comercial), \u00e9 um sistema de ERP (Enterprise Resource Planning) com alto n\u00edvel de ader\u00eancia as regra de negocio de sua empresa e consequente adapta\u00e7\u00e3o as caracter\u00edsticas operacionais. O sistema trata de aspectos gerenciais pouco comuns em solu\u00e7\u00f5es concorrentes.<\/p>\n<p>Controles na gest\u00e3o de vendas e plena integra\u00e7\u00e3o dos processos de compra e venda em estoques, fiscal, financeiro e controle de produ\u00e7\u00e3o. Possui ainda, in\u00fameras possibilidades de customiza\u00e7\u00e3o e novas implementa\u00e7\u00f5es, atendendo a nossa proposta: &#8220;CRIANDO SOLU\u00c7\u00d5ES&#8221;. <a href=\"http:\/\/gecon.inf.br\/wp\/2017\/10\/04\/demostracao-do-erp-sigfac\/\"><strong>Assista a demonstra\u00e7\u00e3o.<\/strong><\/a><\/p>\n<h2>GECON-CRM (Customer Relationship Management)<\/h2>\n<p>Todas as informa\u00e7\u00f5es sobre seus clientes ao alcance de suas m\u00e3os!<br \/>\nO CRM Evolution \u00e9 solu\u00e7\u00e3o para gest\u00e3o de relacionamento com clientes desenvolvidas sob medida para pequenas e m\u00e9dias empresas.<\/p>\n","protected":false},"excerpt":{"rendered":"<p>Sigfac O SIGFAC (Sistema Gerencial Financeiro Administrativo Comercial), \u00e9 um sistema de ERP (Enterprise Resource Planning) com alto n\u00edvel de ader\u00eancia as regra de negocio de sua empresa e consequente adapta\u00e7\u00e3o as caracter\u00edsticas operacionais. O sistema trata de aspectos gerenciais pouco comuns em solu\u00e7\u00f5es concorrentes. Controles na gest\u00e3o de vendas e plena integra\u00e7\u00e3o dos processos [&hellip;]<\/p>\n","protected":false},"author":1,"featured_media":17,"parent":0,"menu_order":0,"comment_status":"closed","ping_status":"closed","template":"","meta":{"footnotes":""},"class_list":["post-27","page","type-page","status-publish","has-post-thumbnail","hentry"],"_links":{"self":[{"href":"http:\/\/gecon.inf.br\/wp\/wp-json\/wp\/v2\/pages\/27","targetHints":{"allow":["GET"]}}],"collection":[{"href":"http:\/\/gecon.inf.br\/wp\/wp-json\/wp\/v2\/pages"}],"about":[{"href":"http:\/\/gecon.inf.br\/wp\/wp-json\/wp\/v2\/types\/page"}],"author":[{"embeddable":true,"href":"http:\/\/gecon.inf.br\/wp\/wp-json\/wp\/v2\/users\/1"}],"replies":[{"embeddable":true,"href":"http:\/\/gecon.inf.br\/wp\/wp-json\/wp\/v2\/comments?post=27"}],"version-history":[{"count":4,"href":"http:\/\/gecon.inf.br\/wp\/wp-json\/wp\/v2\/pages\/27\/revisions"}],"predecessor-version":[{"id":163,"href":"http:\/\/gecon.inf.br\/wp\/wp-json\/wp\/v2\/pages\/27\/revisions\/163"}],"wp:featuredmedia":[{"embeddable":true,"href":"http:\/\/gecon.inf.br\/wp\/wp-json\/wp\/v2\/media\/17"}],"wp:attachment":[{"href":"http:\/\/gecon.inf.br\/wp\/wp-json\/wp\/v2\/media?parent=27"}],"curies":[{"name":"wp","href":"https:\/\/api.w.org\/{rel}","templated":true}]}}